{"id":53,"date":"2023-04-27T17:07:14","date_gmt":"2023-04-27T15:07:14","guid":{"rendered":"https:\/\/univok.cz\/gasgas\/servis-a-sluzby\/"},"modified":"2023-06-23T10:46:46","modified_gmt":"2023-06-23T08:46:46","slug":"servis-a-sluzby","status":"publish","type":"page","link":"https:\/\/univok.cz\/gasgas\/servis-a-sluzby\/","title":{"rendered":"Servis a slu\u017eby"},"content":{"rendered":"  \n  \n\n<section id=\"\" class=\"MainHeader MainHeader--compact \" style=\"background-image: url(https:\/\/univok.cz\/gasgas\/wp-content\/uploads\/sites\/2\/2023\/06\/11239_-Enduro-_-EC-300-_-2022-_-Action-1.jpg)\">\n  <div class=\"MainHeader-overlay\"><\/div>\n  <div class=\"MainHeader-container container\">\n        <h1 class=\"MainHeader-headline MainHeader-headline--hasSubHeadline\">\n      Servis a slu\u017eby\n    <\/h1>\n          <p class=\"MainHeader-subHeadline\">\n        Porad\u00edme, pom\u016f\u017eeme, o\u0161et\u0159\u00edme a oprav\u00edme. A klidn\u011b i umyjeme.\n      <\/p>\n          <\/div>\n<\/section>\n\n\n<div class=\"TextImage\" id=\"\">\n  <section class=\"container\">\n    <div class=\"row align-items-center\">\n      <div class=\"col-12 col-lg-6 col-xl-5\">\n        <img decoding=\"async\" class=\"img-fluid\" src=\"https:\/\/univok.cz\/gasgas\/wp-content\/uploads\/sites\/2\/2023\/06\/29867_Enduro-_-EC-300-_-2023-_-Parts-_-Detail-600x0-c-default.jpg\">\n      <\/div>\n      <div class=\"col-12 col-lg-6 offset-xl-1 mt-4 mt-lg-0\">\n        <h2 class=\"Headline Headline--feature\">\n          Profesion\u00e1ln\u00ed servis\n          <span class=\"color-brand\">\n            Univok\n          <\/span>\n        <\/h2>\n        <div class=\"Content\" style=\"max-width: 800px; margin: 0 auto;\">\n          <p>Co prod\u00e1v\u00e1me, to dob\u0159e zn\u00e1me. Motorky servisujeme p\u0159es 20 let, a\u0165 u\u017e sv\u00e1te\u010dn\u00edch jezdc\u016f, nebo \u010desk\u00fdch reprezentant\u016f. Prop\u016fj\u010dte si na\u0161e zku\u0161enosti a \u0161ikovn\u00e9 ruce \u2013 a nechte je, a\u0165 se postaraj\u00ed i o v\u00e1\u0161 stroj. Pou\u017e\u00edv\u00e1me origin\u00e1ln\u00ed i vyzkou\u0161en\u00e9 druhov\u00fdrobn\u00ed d\u00edly, v\u00fdhradn\u011b kvalitn\u00ed materi\u00e1ly a spr\u00e1vn\u00e9 postupy.<\/p>\n        <\/div>\n                  <div class=\"row mt-4\">\n                          <div class=\"col-12 col-lg-6 mb-4 mb-lg-0\">\n                <a href=\"mailto:liberec@univok.cz\" class=\"Btn Btn--primary Btn--small Btn--full\">\n                                      <img decoding=\"async\" src=\"https:\/\/univok.cz\/gasgas\/wp-content\/uploads\/sites\/2\/2023\/04\/Vector-1.svg\">\n                                    Objednat servis\n                <\/a>\n              <\/div>\n                          <div class=\"col-12 col-lg-6 mb-4 mb-lg-0\">\n                <a href=\"tel:+420777682227\" class=\"Btn Btn--grey Btn--small Btn--full\">\n                                      <img decoding=\"async\" src=\"https:\/\/univok.cz\/gasgas\/wp-content\/uploads\/sites\/2\/2023\/04\/Vector.svg\">\n                                    +420 777 682 227\n                <\/a>\n              <\/div>\n                      <\/div>\n              <\/div>\n    <\/div>\n  <\/section>\n<\/div>\n\n\n<div class=\"FullImage\" id=\"\">\n  <section style=\"\n    height: 25vw;\n    min-height: 300px;\n    background-image: url(https:\/\/univok.cz\/gasgas\/wp-content\/uploads\/sites\/2\/2023\/06\/50679_taddy-blazusiak_SuperEnduro_2023_Rnd1_00286-1920x0-c-default.jpg);\n    background-size: cover;\n    background-position: center center;\n    \"><\/section>\n<\/div>\n\n\n<div class=\"TextImage\" id=\"\">\n  <section class=\"container\">\n    <div class=\"row align-items-center\">\n      <div class=\"col-12 col-lg-6 col-xl-5\">\n        <img decoding=\"async\" class=\"img-fluid\" src=\"https:\/\/univok.cz\/gasgas\/wp-content\/uploads\/sites\/2\/2023\/06\/univok-cart-600x0-c-default.jpg\">\n      <\/div>\n      <div class=\"col-12 col-lg-6 offset-xl-1 mt-4 mt-lg-0\">\n        <h2 class=\"Headline Headline--feature\">\n          Financov\u00e1n\u00ed \u010di rozvoz po \u010cR\n          <span class=\"color-brand\">\n            \n          <\/span>\n        <\/h2>\n        <div class=\"Content\" style=\"max-width: 800px; margin: 0 auto;\">\n          <p>Jsme odchovan\u00ed z\u00e1vody, ve\u010dery v depu i toulkami po rumunsk\u00fdch hor\u00e1ch. Proto u\u017e trochu v\u00edme, co jezdci \u0159e\u0161\u00ed nej\u010dast\u011bji a um\u00edme v\u00e1m j\u00edt naproti. Zeptejte se n\u00e1s \u2013 kdy\u017e to bude v na\u0161ich sil\u00e1ch, vymysl\u00edme \u0159e\u0161en\u00ed.<\/p>\n        <\/div>\n              <\/div>\n    <\/div>\n  <\/section>\n<\/div>\n","protected":false},"excerpt":{"rendered":"","protected":false},"author":1,"featured_media":0,"parent":0,"menu_order":0,"comment_status":"closed","ping_status":"closed","template":"","meta":{"footnotes":""},"class_list":["post-53","page","type-page","status-publish","hentry"],"_links":{"self":[{"href":"https:\/\/univok.cz\/gasgas\/wp-json\/wp\/v2\/pages\/53","targetHints":{"allow":["GET"]}}],"collection":[{"href":"https:\/\/univok.cz\/gasgas\/wp-json\/wp\/v2\/pages"}],"about":[{"href":"https:\/\/univok.cz\/gasgas\/wp-json\/wp\/v2\/types\/page"}],"author":[{"embeddable":true,"href":"https:\/\/univok.cz\/gasgas\/wp-json\/wp\/v2\/users\/1"}],"replies":[{"embeddable":true,"href":"https:\/\/univok.cz\/gasgas\/wp-json\/wp\/v2\/comments?post=53"}],"version-history":[{"count":6,"href":"https:\/\/univok.cz\/gasgas\/wp-json\/wp\/v2\/pages\/53\/revisions"}],"predecessor-version":[{"id":1411,"href":"https:\/\/univok.cz\/gasgas\/wp-json\/wp\/v2\/pages\/53\/revisions\/1411"}],"wp:attachment":[{"href":"https:\/\/univok.cz\/gasgas\/wp-json\/wp\/v2\/media?parent=53"}],"curies":[{"name":"wp","href":"https:\/\/api.w.org\/{rel}","templated":true}]}}