{"id":43,"date":"2023-04-27T16:36:15","date_gmt":"2023-04-27T14:36:15","guid":{"rendered":"https:\/\/univok.cz\/gasgas\/o-nas\/"},"modified":"2023-06-23T10:44:55","modified_gmt":"2023-06-23T08:44:55","slug":"o-nas","status":"publish","type":"page","link":"https:\/\/univok.cz\/gasgas\/o-nas\/","title":{"rendered":"O n\u00e1s"},"content":{"rendered":"  \n  \n\n<section id=\"\" class=\"MainHeader MainHeader--compact \" style=\"background-image: url(https:\/\/univok.cz\/gasgas\/wp-content\/uploads\/sites\/2\/2023\/06\/AF1QipMWVzeKRJd8U3Ed96YZ2gWOe_Urs7gu-6pZyyPGs1031-k-no.jpeg)\">\n  <div class=\"MainHeader-overlay\"><\/div>\n  <div class=\"MainHeader-container container\">\n        <h1 class=\"MainHeader-headline MainHeader-headline--hasSubHeadline\">\n      O n\u00e1s\n    <\/h1>\n          <p class=\"MainHeader-subHeadline\">\n        Jako autorizovan\u00fd prodejce motocykl\u016f KTM, GASGAS A FANTIC \u2028nab\u00edz\u00edme \u0161irok\u00fd sortiment od ka\u017ed\u00e9 zna\u010dky. V na\u0161\u00ed nab\u00eddce proto najdete krom\u011b nov\u00fdch motorek a elektrokol tak\u00e9 ve\u0161ker\u00e9 p\u0159\u00edslu\u0161enstv\u00ed, origin\u00e1ln\u00ed i druhov\u00fdrobn\u00ed n\u00e1hradn\u00ed d\u00edly. A samoz\u0159ejm\u011b n\u00e1\u0161 servis a osobn\u00ed p\u0159\u00edstup.\n      <\/p>\n          <\/div>\n<\/section>\n\n\n<div class=\"IconGrid\" id=\"\">\n  <section class=\"container\">\n    <div class=\"row\">\n              <div class=\"col-lg-4 col-12 mb-5 mb-lg-0 text-center\">\n          <img decoding=\"async\" src=\"https:\/\/univok.cz\/gasgas\/wp-content\/uploads\/sites\/2\/2023\/06\/Group-2-1.svg\" alt=\"Autorizovan\u00fd prodejce\" class=\"IconGrid-image\">\n          <div class=\"font-alt text-uppercase text-center fs-4 mt-4\">\n            <strong><p>Autorizovan\u00fd prodejce<\/p>\n<\/strong>\n          <\/div>\n        <\/div>\n              <div class=\"col-lg-4 col-12 mb-5 mb-lg-0 text-center\">\n          <img decoding=\"async\" src=\"https:\/\/univok.cz\/gasgas\/wp-content\/uploads\/sites\/2\/2023\/06\/Group-1-1.svg\" alt=\"Nov\u00e9 i ojet\u00e9\" class=\"IconGrid-image\">\n          <div class=\"font-alt text-uppercase text-center fs-4 mt-4\">\n            <strong><p>Nov\u00e9 i ojet\u00e9<\/p>\n<\/strong>\n          <\/div>\n        <\/div>\n              <div class=\"col-lg-4 col-12 mb-5 mb-lg-0 text-center\">\n          <img decoding=\"async\" src=\"https:\/\/univok.cz\/gasgas\/wp-content\/uploads\/sites\/2\/2023\/06\/Group.svg\" alt=\"Spolehliv\u00fd servis\" class=\"IconGrid-image\">\n          <div class=\"font-alt text-uppercase text-center fs-4 mt-4\">\n            <strong><p>Spolehliv\u00fd servis<\/p>\n<\/strong>\n          <\/div>\n        <\/div>\n          <\/div>\n  <\/section>\n<\/div>\n\n\n<div class=\"TextImage\" id=\"\">\n  <section class=\"container\">\n    <div class=\"row align-items-center\">\n      <div class=\"col-12 col-lg-6 col-xl-5\">\n        <img decoding=\"async\" class=\"img-fluid\" src=\"https:\/\/univok.cz\/gasgas\/wp-content\/uploads\/sites\/2\/2023\/06\/AF1QipOaoXnArCjjpimp7hAKjrwZ4jgo4P_Oj1JYxWmNs1031-k-no-600x0-c-default.jpeg\">\n      <\/div>\n      <div class=\"col-12 col-lg-6 offset-xl-1 mt-4 mt-lg-0\">\n        <h2 class=\"Headline Headline--feature\">\n          Rodinn\u00e1 firma\n          <span class=\"color-brand\">\n            \n          <\/span>\n        <\/h2>\n        <div class=\"Content\" style=\"max-width: 800px; margin: 0 auto;\">\n          <p>Malou d\u00edlnu si otev\u0159el Ale\u0161 Vondr\u00e1k ve sv\u00e9 gar\u00e1\u017ei kr\u00e1tce po p\u0159elomu mil\u00e9nia. Servisoval zde motorky sob\u011b, kamar\u00e1d\u016fm i soupe\u0159\u016fm ze z\u00e1vod\u016f. Po \u010dase za\u010dal nab\u00edzet i nov\u00e9 motorky a kdy\u017e mu gar\u00e1\u017e byla mal\u00e1, p\u0159est\u011bhoval se do libereck\u00fdch Vratislavic a zalo\u017eil ofici\u00e1ln\u00ed dealerstv\u00ed. Od t\u00e9 doby zn\u00e1te UNIVOK jako rodinnou firmu, kam se s radost\u00ed stav\u00edte i na kafe. P\u0159ije\u010fte i vy, r\u00e1di v\u00e1s uvid\u00edme.<\/p>\n        <\/div>\n              <\/div>\n    <\/div>\n  <\/section>\n<\/div>\n\n\n<div class=\"FullImage\" id=\"\">\n  <section style=\"\n    height: 25vw;\n    min-height: 300px;\n    background-image: url(https:\/\/univok.cz\/gasgas\/wp-content\/uploads\/sites\/2\/2023\/06\/AF1QipM1AUI8ACXcZowdrheI7KM110tQBokJaGe30PeYs1024-1920x0-c-default.jpeg);\n    background-size: cover;\n    background-position: center center;\n    \"><\/section>\n<\/div>\n\n\n<div class=\"TextImage\" id=\"\">\n  <section class=\"container\">\n    <div class=\"row align-items-center\">\n      <div class=\"col-12 col-lg-6 col-xl-5\">\n        <img decoding=\"async\" class=\"img-fluid\" src=\"https:\/\/univok.cz\/gasgas\/wp-content\/uploads\/sites\/2\/2023\/06\/AF1QipNdYU2adnsWBAnxmjgU0d-nnYfDFaa6WdVuUrt1s1536-600x0-c-default.jpeg\">\n      <\/div>\n      <div class=\"col-12 col-lg-6 offset-xl-1 mt-4 mt-lg-0\">\n        <h2 class=\"Headline Headline--feature\">\n          Nejen KTM\n          <span class=\"color-brand\">\n            \n          <\/span>\n        <\/h2>\n        <div class=\"Content\" style=\"max-width: 800px; margin: 0 auto;\">\n          <p>KTM je na\u0161e srdcovka, ale v UNIVOKu u\u017e d\u00e1vno nenajdete jen to. Nab\u00eddneme v\u00e1m tak\u00e9 \u010dervenou alternativu od GasGasu, vybav\u00edme v\u00e1s \u2028i elektrokoly Fantic a vybav\u00edme v\u00e1s vybaven\u00edm, oble\u010den\u00edm, n\u00e1hradn\u00edmi d\u00edly i spot\u0159ebn\u00edm materi\u00e1lem. Origin\u00e1ln\u00edm i druhov\u00fdrobn\u00edm, v\u017edy vyzkou\u0161en\u00fdm n\u00e1mi, sami na sob\u011b.<\/p><p>Od roku 2021 se na v\u00e1s t\u011b\u0161\u00edme ka\u017ed\u00fd den od 9 do 17 hodin v nov\u00e9 prodejn\u011b na adrese Nov\u00e1 330, Liberec. Zastavte se.<\/p>\n        <\/div>\n              <\/div>\n    <\/div>\n  <\/section>\n<\/div>\n\n\n<div class=\"Boxes\" id=\"\">\n  <section class=\"container\">\n    <div class=\"row\">\n              <div class=\"col-lg-4 col-12 mb-5 mb-lg-0 text-center Boxes-box\">\n          <div class=\"Boxes-boxInner\">\n            <h3 class=\"Boxes-headline\">9000<\/h3>\n            <div class=\"Boxes-description\">\n              prodan\u00fdch motorek\n            <\/div>\n          <\/div>\n        <\/div>\n              <div class=\"col-lg-4 col-12 mb-5 mb-lg-0 text-center Boxes-box\">\n          <div class=\"Boxes-boxInner\">\n            <h3 class=\"Boxes-headline\">18<\/h3>\n            <div class=\"Boxes-description\">\n              let na trhu\n            <\/div>\n          <\/div>\n        <\/div>\n              <div class=\"col-lg-4 col-12 mb-5 mb-lg-0 text-center Boxes-box\">\n          <div class=\"Boxes-boxInner\">\n            <h3 class=\"Boxes-headline\">80 000+<\/h3>\n            <div class=\"Boxes-description\">\n              expedovan\u00fdch z\u00e1silek\n            <\/div>\n          <\/div>\n        <\/div>\n          <\/div>\n  <\/section>\n<\/div>\n\n\n<div class=\"IconGrid\" id=\"\">\n  <section class=\"container\">\n    <div class=\"row\">\n              <div class=\"col-lg-4 col-12 mb-5 mb-lg-0 text-center\">\n          <img decoding=\"async\" src=\"https:\/\/univok.cz\/gasgas\/wp-content\/uploads\/sites\/2\/2023\/04\/Frame.svg\" alt=\"\" class=\"IconGrid-image\">\n          <div class=\"font-alt text-uppercase text-center fs-4 mt-4\">\n            <strong><\/strong>\n          <\/div>\n        <\/div>\n              <div class=\"col-lg-4 col-12 mb-5 mb-lg-0 text-center\">\n          <img decoding=\"async\" src=\"https:\/\/univok.cz\/gasgas\/wp-content\/uploads\/sites\/2\/2023\/04\/Frame-1.svg\" alt=\"\" class=\"IconGrid-image\">\n          <div class=\"font-alt text-uppercase text-center fs-4 mt-4\">\n            <strong><\/strong>\n          <\/div>\n        <\/div>\n              <div class=\"col-lg-4 col-12 mb-5 mb-lg-0 text-center\">\n          <img decoding=\"async\" src=\"https:\/\/univok.cz\/gasgas\/wp-content\/uploads\/sites\/2\/2023\/04\/Frame-2.svg\" alt=\"\" class=\"IconGrid-image\">\n          <div class=\"font-alt text-uppercase text-center fs-4 mt-4\">\n            <strong><\/strong>\n          <\/div>\n        <\/div>\n          <\/div>\n  <\/section>\n<\/div>\n\n\n  <div><\/div>\n<div class=\"InstaFeed\" id=\"\">\n  <section class=\"container\">\n    <div class=\"InstaFeed-wrapper\">\n      <div class=\"row\">\n        <div class=\"col\">\n          <h1 class=\"Headline Headline--main\">\n            Sledujte n\u00e1\u0161\n            <span class=\"color-brand\">\n              Instagram\n            <\/span>\n          <\/h1>\n        <\/div>\n      <\/div>\n\n      <div class=\"mt-5\">\n                <div\n            class=\"spotlight-instagram-feed\"\n            data-feed-var=\"f11faca3\"\n            data-analytics=\"0\"\n            data-instance=\"43\"\n        >\n        <\/div>\n        <input type=\"hidden\" id=\"sli__f__f11faca3\" data-json='{&quot;useCase&quot;:&quot;accounts&quot;,&quot;template&quot;:&quot;row&quot;,&quot;layout&quot;:&quot;grid&quot;,&quot;numColumns&quot;:{&quot;desktop&quot;:6,&quot;phone&quot;:3,&quot;tablet&quot;:5},&quot;highlightFreq&quot;:{&quot;desktop&quot;:7},&quot;sliderNumScrollPosts&quot;:{&quot;desktop&quot;:1},&quot;sliderInfinite&quot;:true,&quot;sliderLoop&quot;:false,&quot;sliderArrowPos&quot;:{&quot;desktop&quot;:&quot;inside&quot;},&quot;sliderArrowSize&quot;:{&quot;desktop&quot;:20},&quot;sliderArrowColor&quot;:{&quot;r&quot;:255,&quot;b&quot;:255,&quot;g&quot;:255,&quot;a&quot;:1},&quot;sliderArrowBgColor&quot;:{&quot;r&quot;:0,&quot;b&quot;:0,&quot;g&quot;:0,&quot;a&quot;:0.8},&quot;sliderAutoScroll&quot;:false,&quot;sliderAutoInterval&quot;:3,&quot;postOrder&quot;:&quot;date_desc&quot;,&quot;numPosts&quot;:{&quot;desktop&quot;:6,&quot;phone&quot;:3,&quot;tablet&quot;:5},&quot;linkBehavior&quot;:{&quot;desktop&quot;:&quot;lightbox&quot;},&quot;feedWidth&quot;:{&quot;desktop&quot;:0},&quot;feedHeight&quot;:{&quot;desktop&quot;:0},&quot;feedPadding&quot;:{&quot;desktop&quot;:0,&quot;tablet&quot;:0,&quot;phone&quot;:0},&quot;imgPadding&quot;:{&quot;desktop&quot;:0,&quot;tablet&quot;:0,&quot;phone&quot;:0},&quot;textSize&quot;:{&quot;desktop&quot;:0,&quot;tablet&quot;:0,&quot;phone&quot;:0},&quot;bgColor&quot;:{&quot;r&quot;:255,&quot;g&quot;:255,&quot;b&quot;:255,&quot;a&quot;:1},&quot;hoverInfo&quot;:[&quot;likes_comments&quot;,&quot;insta_link&quot;,&quot;date&quot;],&quot;textColorHover&quot;:{&quot;r&quot;:255,&quot;g&quot;:255,&quot;b&quot;:255,&quot;a&quot;:1},&quot;bgColorHover&quot;:{&quot;r&quot;:0,&quot;g&quot;:0,&quot;b&quot;:0,&quot;a&quot;:0.5},&quot;showHeader&quot;:{&quot;desktop&quot;:false},&quot;headerInfo&quot;:{&quot;desktop&quot;:[&quot;profile_pic&quot;,&quot;bio&quot;]},&quot;headerAccount&quot;:null,&quot;headerStyle&quot;:{&quot;desktop&quot;:&quot;normal&quot;,&quot;phone&quot;:&quot;centered&quot;},&quot;headerTextSize&quot;:{&quot;desktop&quot;:0},&quot;headerPhotoSize&quot;:{&quot;desktop&quot;:50},&quot;headerTextColor&quot;:{&quot;r&quot;:0,&quot;g&quot;:0,&quot;b&quot;:0,&quot;a&quot;:1},&quot;headerBgColor&quot;:{&quot;r&quot;:255,&quot;g&quot;:255,&quot;b&quot;:255,&quot;a&quot;:1},&quot;headerPadding&quot;:{&quot;desktop&quot;:0},&quot;customProfilePic&quot;:&quot;&quot;,&quot;customBioText&quot;:&quot;&quot;,&quot;includeStories&quot;:false,&quot;storiesInterval&quot;:5,&quot;showCaptions&quot;:{&quot;desktop&quot;:false,&quot;tablet&quot;:false},&quot;captionMaxLength&quot;:{&quot;desktop&quot;:0},&quot;captionRemoveDots&quot;:false,&quot;captionSize&quot;:{&quot;desktop&quot;:0},&quot;captionColor&quot;:{&quot;r&quot;:0,&quot;g&quot;:0,&quot;b&quot;:0,&quot;a&quot;:1},&quot;showLikes&quot;:{&quot;desktop&quot;:false,&quot;tablet&quot;:false},&quot;showComments&quot;:{&quot;desktop&quot;:false,&quot;tablet&quot;:false},&quot;lcIconSize&quot;:{&quot;desktop&quot;:14},&quot;likesIconColor&quot;:{&quot;r&quot;:0,&quot;g&quot;:0,&quot;b&quot;:0,&quot;a&quot;:1},&quot;commentsIconColor&quot;:{&quot;r&quot;:0,&quot;g&quot;:0,&quot;b&quot;:0,&quot;a&quot;:1},&quot;lightboxShowSidebar&quot;:false,&quot;lightboxCtaStyle&quot;:&quot;link&quot;,&quot;lightboxCtaDesign&quot;:{&quot;text&quot;:{&quot;color&quot;:{&quot;r&quot;:0,&quot;g&quot;:0,&quot;b&quot;:0,&quot;a&quot;:1},&quot;align&quot;:&quot;center&quot;},&quot;bgColor&quot;:{&quot;r&quot;:230,&quot;g&quot;:230,&quot;b&quot;:230,&quot;a&quot;:1},&quot;border&quot;:{&quot;radius&quot;:3}},&quot;numLightboxComments&quot;:50,&quot;showLoadMoreBtn&quot;:{&quot;desktop&quot;:false},&quot;loadMoreBtnDesign&quot;:{&quot;text&quot;:{&quot;color&quot;:{&quot;r&quot;:255,&quot;g&quot;:255,&quot;b&quot;:255,&quot;a&quot;:1},&quot;align&quot;:&quot;center&quot;},&quot;border&quot;:{&quot;radius&quot;:3},&quot;bgColor&quot;:{&quot;r&quot;:0,&quot;g&quot;:149,&quot;b&quot;:246,&quot;a&quot;:1},&quot;margin&quot;:{&quot;top&quot;:0,&quot;bottom&quot;:0,&quot;left&quot;:0,&quot;right&quot;:0}},&quot;loadMoreBtnText&quot;:&quot;Load more&quot;,&quot;loadMoreBtnScroll&quot;:true,&quot;autoload&quot;:false,&quot;showFollowBtn&quot;:{&quot;desktop&quot;:false,&quot;phone&quot;:false},&quot;followBtnText&quot;:&quot;Follow on Instagram&quot;,&quot;followBtnDesign&quot;:{&quot;text&quot;:{&quot;color&quot;:{&quot;r&quot;:255,&quot;g&quot;:255,&quot;b&quot;:255,&quot;a&quot;:1},&quot;align&quot;:&quot;center&quot;},&quot;border&quot;:{&quot;radius&quot;:3},&quot;bgColor&quot;:{&quot;r&quot;:0,&quot;g&quot;:149,&quot;b&quot;:246,&quot;a&quot;:1},&quot;margin&quot;:{&quot;top&quot;:0,&quot;bottom&quot;:0,&quot;left&quot;:0,&quot;right&quot;:0}},&quot;followBtnLocation&quot;:{&quot;desktop&quot;:&quot;header&quot;,&quot;phone&quot;:&quot;bottom&quot;},&quot;alignFooterButtons&quot;:{&quot;desktop&quot;:false},&quot;customCss&quot;:&quot;\\\/* Enter your custom CSS below *\\\/\\n\\n&quot;,&quot;accounts&quot;:[25],&quot;tagged&quot;:[],&quot;hashtags&quot;:[],&quot;mediaType&quot;:&quot;all&quot;,&quot;hashtagWhitelist&quot;:[],&quot;hashtagBlacklist&quot;:[],&quot;captionWhitelist&quot;:[],&quot;captionBlacklist&quot;:[],&quot;hashtagWhitelistSettings&quot;:true,&quot;hashtagBlacklistSettings&quot;:true,&quot;captionWhitelistSettings&quot;:true,&quot;captionBlacklistSettings&quot;:true,&quot;moderation&quot;:[],&quot;moderationMode&quot;:&quot;blacklist&quot;,&quot;promosVersion&quot;:2,&quot;promosEnabled&quot;:true,&quot;globalPromosEnabled&quot;:true,&quot;autoPromosEnabled&quot;:true,&quot;promoOverrides&quot;:[],&quot;feedPromo&quot;:{&quot;linkSource&quot;:{&quot;type&quot;:null},&quot;linkBehavior&quot;:{&quot;openNewTab&quot;:false,&quot;showPopupBox&quot;:false},&quot;linkText&quot;:&quot;&quot;},&quot;gaCampaignSource&quot;:&quot;&quot;,&quot;gaCampaignMedium&quot;:&quot;&quot;,&quot;gaCampaignName&quot;:&quot;&quot;}' \/>\n        <input type=\"hidden\" id=\"sli__a__f11faca3\" data-json='[{&quot;id&quot;:25,&quot;type&quot;:&quot;PERSONAL&quot;,&quot;userId&quot;:&quot;6062263250462938&quot;,&quot;username&quot;:&quot;krasnystroj&quot;,&quot;bio&quot;:&quot;&quot;,&quot;customBio&quot;:&quot;&quot;,&quot;profilePicUrl&quot;:&quot;&quot;,&quot;customProfilePicUrl&quot;:&quot;&quot;,&quot;mediaCount&quot;:&quot;10&quot;,&quot;followersCount&quot;:&quot;0&quot;,&quot;usages&quot;:[],&quot;creationDate&quot;:&quot;2023-04-27 15:41:04&quot;}]' \/>\n        <input type=\"hidden\" id=\"sli__m__f11faca3\" data-json='[]' \/>\n        \n      <\/div>\n    <\/div>\n  <\/section>\n<\/div>\n","protected":false},"excerpt":{"rendered":"","protected":false},"author":1,"featured_media":0,"parent":0,"menu_order":0,"comment_status":"closed","ping_status":"closed","template":"","meta":{"footnotes":""},"class_list":["post-43","page","type-page","status-publish","hentry"],"_links":{"self":[{"href":"https:\/\/univok.cz\/gasgas\/wp-json\/wp\/v2\/pages\/43","targetHints":{"allow":["GET"]}}],"collection":[{"href":"https:\/\/univok.cz\/gasgas\/wp-json\/wp\/v2\/pages"}],"about":[{"href":"https:\/\/univok.cz\/gasgas\/wp-json\/wp\/v2\/types\/page"}],"author":[{"embeddable":true,"href":"https:\/\/univok.cz\/gasgas\/wp-json\/wp\/v2\/users\/1"}],"replies":[{"embeddable":true,"href":"https:\/\/univok.cz\/gasgas\/wp-json\/wp\/v2\/comments?post=43"}],"version-history":[{"count":4,"href":"https:\/\/univok.cz\/gasgas\/wp-json\/wp\/v2\/pages\/43\/revisions"}],"predecessor-version":[{"id":1410,"href":"https:\/\/univok.cz\/gasgas\/wp-json\/wp\/v2\/pages\/43\/revisions\/1410"}],"wp:attachment":[{"href":"https:\/\/univok.cz\/gasgas\/wp-json\/wp\/v2\/media?parent=43"}],"curies":[{"name":"wp","href":"https:\/\/api.w.org\/{rel}","templated":true}]}}