{"id":14,"date":"2023-03-24T12:31:51","date_gmt":"2023-03-24T10:31:51","guid":{"rendered":"https:\/\/univok.cz\/gasgas\/homepage\/"},"modified":"2024-02-05T11:59:34","modified_gmt":"2024-02-05T10:59:34","slug":"homepage","status":"publish","type":"page","link":"https:\/\/univok.cz\/gasgas\/","title":{"rendered":"Koncentrovan\u00e1 radost z pohybu"},"content":{"rendered":"\n\n\n<section id=\"\" class=\"MainHeader  \" style=\"background-image: url(https:\/\/univok.cz\/gasgas\/wp-content\/uploads\/sites\/2\/2024\/02\/gg24-scaled.jpg)\">\n  <div class=\"MainHeader-overlay\"><\/div>\n  <div class=\"MainHeader-container container\">\n          <div class=\"MainHeader-brand\">\n                <svg width=\"310\" height=\"38\" viewBox=\"0 0 310 38\" fill=\"none\" xmlns=\"http:\/\/www.w3.org\/2000\/svg\">\n<g clip-path=\"url(#clip0_11_288)\">\n<path d=\"M16.7533 0.0359802H49.1153C49.1153 0.0359802 53.8309 0.566807 53.9029 4.25701C53.9748 7.94721 53.9029 9.25829 53.9029 9.25829H21.9431C21.9431 9.25829 18.4244 9.18794 17.1555 13.3034C15.8867 17.4189 13.9638 23.6961 13.9638 23.6961C13.9638 23.6961 12.7309 27.6709 18.1366 27.6709C23.5423 27.6709 34.7885 27.6709 34.7885 27.6709C34.7885 27.6709 36.0933 27.1753 36.4923 26.0017L36.8913 24.8313C36.8913 24.8313 37.2542 23.8752 35.9102 23.8752C34.5661 23.8752 23.7548 23.84 23.7548 23.84L26.1879 15.5387L52.7093 15.4331L47.8465 29.9413C47.8465 29.9413 44.7267 37.4976 37.3981 37.4624H5.07211C5.07211 37.4624 -2.22046 36.4328 0.683484 25.5061L5.80463 7.71697C5.80463 7.71697 9.00944 0.0359802 16.7533 0.0359802Z\" fill=\"#CA0102\"\/>\n<path d=\"M91.1996 0.0351715H75.7446L45.3774 37.4616H59.8514L63.9882 31.2164L85.8659 31.3219L87.8248 37.4584H101.756L91.1996 0.0351715ZM71.2808 21.9589L80.4243 10.9971L84.1229 21.9589H71.2808Z\" fill=\"#CA0102\"\/>\n<path d=\"M151.934 19.5478C151.934 19.5478 151.715 14.441 147.689 14.441C143.66 14.441 122.764 14.441 122.764 14.441C122.764 14.441 120.151 14.1213 120.37 11.0354C120.37 11.0354 120.354 8.44206 122.764 8.33014C125.174 8.21822 154.406 8.33014 154.406 8.33014V4.32975C154.406 4.32975 154.037 0.1439 148.886 0.0735497C143.736 0.00319917 118.048 0.0735497 118.048 0.0735497C118.048 0.0735497 111.226 -1.132 109.267 6.31556C107.309 13.7663 106.655 15.8225 106.655 15.8225C106.655 15.8225 105.422 22.2787 112.024 22.3491C118.627 22.4194 136.188 22.3491 136.188 22.3491C136.188 22.3491 139.236 21.8534 139.164 25.3294C139.092 28.8085 134.448 29.1091 134.448 29.1091H102.884V32.2141C102.884 32.2141 103.391 36.9692 108.617 37.5H140.508C140.508 37.5 150.956 36.5791 151.937 20.7214V19.551L151.934 19.5478Z\" fill=\"#CA0102\"\/>\n<path d=\"M306.903 19.5478C306.903 19.5478 306.684 14.441 302.658 14.441C298.632 14.441 277.732 14.441 277.732 14.441C277.732 14.441 275.12 14.1213 275.339 11.0354C275.339 11.0354 275.322 8.44206 277.732 8.33014C280.143 8.21822 309.375 8.33014 309.375 8.33014V4.32975C309.375 4.32975 309.005 0.1439 303.855 0.0735497C298.704 0.00319917 273.017 0.0735497 273.017 0.0735497C273.017 0.0735497 266.195 -1.132 264.236 6.31556C262.277 13.7663 261.623 15.8225 261.623 15.8225C261.623 15.8225 260.39 22.2787 266.993 22.3491C273.596 22.4194 291.157 22.3491 291.157 22.3491C291.157 22.3491 294.204 21.8534 294.132 25.3294C294.061 28.8085 289.417 29.1091 289.417 29.1091H257.853V32.2141C257.853 32.2141 258.36 36.9692 263.585 37.5H295.477C295.477 37.5 305.925 36.5791 306.906 20.7214V19.551L306.903 19.5478Z\" fill=\"#CA0102\"\/>\n<path d=\"M171.16 0.0351715H203.522C203.522 0.0351715 208.237 0.569196 208.312 4.2562C208.384 7.9464 208.312 9.25748 208.312 9.25748H176.349C176.349 9.25748 172.831 9.18713 171.562 13.3026C170.293 17.4181 168.37 23.6953 168.37 23.6953C168.37 23.6953 167.137 27.6701 172.543 27.6701C177.949 27.6701 189.195 27.6701 189.195 27.6701C189.195 27.6701 190.5 27.1745 190.899 26.0009L191.297 24.8305C191.297 24.8305 191.66 23.8744 190.316 23.8744C188.972 23.8744 178.164 23.8392 178.164 23.8392L180.594 15.5379L207.116 15.4323L202.253 29.9405C202.253 29.9405 199.133 37.4968 191.804 37.4616H159.478C159.478 37.4616 152.186 36.432 155.09 25.5052L160.211 7.71616C160.211 7.71616 163.416 0.0351715 171.16 0.0351715Z\" fill=\"#CA0102\"\/>\n<path d=\"M245.988 0.0351715H230.533L200.166 37.4616H214.64L218.777 31.2164L240.655 31.3219L242.614 37.4584H256.545L245.988 0.0351715ZM226.07 21.9589L235.213 10.9971L238.915 21.9589H226.073H226.07Z\" fill=\"#CA0102\"\/>\n<\/g>\n<defs>\n<clipPath id=\"clip0_11_288\">\n<rect width=\"309.375\" height=\"37.5\" fill=\"white\"\/>\n<\/clipPath>\n<\/defs>\n<\/svg>\n\n      <\/div>\n        <h1 class=\"MainHeader-headline \">\n      Koncentrovan\u00e1 radost z pohybu\n    <\/h1>\n                      <a href=\"#motocykly\" class=\"Btn Btn--primary Btn--large\">\n          V\u0161echny modely\n        <\/a>\n            <\/div>\n<\/section>\n\n\n<div class=\"CategoryList\" id=\"motocykly\">\n  <section class=\"container\">\n    <div class=\"row\">\n      <div class=\"col\">\n        <h1 class=\"Headline Headline--main\">\n          Prioritou je\n          <span class=\"color-brand\">\n            z\u00e1bava\n          <\/span>\n        <\/h1>\n        <div class=\"text-center\" style=\"max-width: 800px; margin: 0 auto;\">\n          <p>Nen\u00ed nic lep\u0161\u00edho, ne\u017e prost\u011b vyrazit<\/p>\n\n        <\/div>\n      <\/div>\n    <\/div>\n    <div class=\"CategoryList-grid\">\n                                                                                <a href=\"https:\/\/univok.cz\/gasgas\/modelove-rady\/supermoto\/\" class=\"CategoryList-item\" style=\"background-image: url(https:\/\/univok.cz\/gasgas\/wp-content\/uploads\/sites\/2\/2023\/06\/30313_Supermoto-_-SM-700-_-2022-_-Studio-1.png)\">\n            <span>\n              <h2 class=\"Headline\">Supermoto<\/h2>\n              <p style=\"width: 50%\">\n                I cesta do pr\u00e1ce je sport\n              <\/p>\n            <\/span>\n            <span class=\"CategoryList-link\">\n              <strong>Modely&nbsp;<svg width=\"9\" height=\"12\" viewBox=\"0 0 9 12\" fill=\"none\" xmlns=\"http:\/\/www.w3.org\/2000\/svg\">\n<path d=\"M2.71238 12L0 9.41234L3.57523 6L0 2.58831L2.71238 0L9 6L2.71238 12Z\" fill=\"#FE6501\"\/>\n<\/svg>\n<\/strong>\n            <\/span>\n          <\/a>\n                                <a href=\"https:\/\/univok.cz\/gasgas\/modelove-rady\/travel\/\" class=\"CategoryList-item\" style=\"background-image: url(https:\/\/univok.cz\/gasgas\/wp-content\/uploads\/sites\/2\/2023\/06\/30298_Travel-_-ES-700-_-2022-_-Studio-1.png)\">\n            <span>\n              <h2 class=\"Headline\">Cestovn\u00ed<\/h2>\n              <p style=\"width: 50%\">\n                Kamkoliv v\u00e1s napadne jet, \u2028m\u00e1te par\u0165\u00e1ka, co se neztrat\u00ed\n              <\/p>\n            <\/span>\n            <span class=\"CategoryList-link\">\n              <strong>Modely&nbsp;<svg width=\"9\" height=\"12\" viewBox=\"0 0 9 12\" fill=\"none\" xmlns=\"http:\/\/www.w3.org\/2000\/svg\">\n<path d=\"M2.71238 12L0 9.41234L3.57523 6L0 2.58831L2.71238 0L9 6L2.71238 12Z\" fill=\"#FE6501\"\/>\n<\/svg>\n<\/strong>\n            <\/span>\n          <\/a>\n                                <a href=\"https:\/\/univok.cz\/gasgas\/modelove-rady\/electric-balance-bikes\/\" class=\"CategoryList-item\" style=\"background-image: url(https:\/\/univok.cz\/gasgas\/wp-content\/uploads\/sites\/2\/2023\/06\/25945_Electric-Balance-Bike-_-16eDrive-_-2022-_-Studio-1.png)\">\n            <span>\n              <h2 class=\"Headline\">E-balance bikes<\/h2>\n              <p style=\"width: 50%\">\n                Nejlep\u0161\u00ed zp\u016fsob, jak za\u010d\u00edt \u2028a z\u00edskat spr\u00e1vn\u00e9 n\u00e1vyky\n              <\/p>\n            <\/span>\n            <span class=\"CategoryList-link\">\n              <strong>Modely&nbsp;<svg width=\"9\" height=\"12\" viewBox=\"0 0 9 12\" fill=\"none\" xmlns=\"http:\/\/www.w3.org\/2000\/svg\">\n<path d=\"M2.71238 12L0 9.41234L3.57523 6L0 2.58831L2.71238 0L9 6L2.71238 12Z\" fill=\"#FE6501\"\/>\n<\/svg>\n<\/strong>\n            <\/span>\n          <\/a>\n                                              <a href=\"https:\/\/univok.cz\/gasgas\/modelove-rady\/trial\/\" class=\"CategoryList-item\" style=\"background-image: url(https:\/\/univok.cz\/gasgas\/wp-content\/uploads\/sites\/2\/2023\/06\/38627_Trial-_-TXT-GP-_-2023-_-Studio-1.png)\">\n            <span>\n              <h2 class=\"Headline\">Trial<\/h2>\n              <p style=\"width: 50%\">\n                Tady se rod\u00ed opravdov\u00e9 jezdeck\u00e9 schopnosti \n              <\/p>\n            <\/span>\n            <span class=\"CategoryList-link\">\n              <strong>Modely&nbsp;<svg width=\"9\" height=\"12\" viewBox=\"0 0 9 12\" fill=\"none\" xmlns=\"http:\/\/www.w3.org\/2000\/svg\">\n<path d=\"M2.71238 12L0 9.41234L3.57523 6L0 2.58831L2.71238 0L9 6L2.71238 12Z\" fill=\"#FE6501\"\/>\n<\/svg>\n<\/strong>\n            <\/span>\n          <\/a>\n                                                                          <a href=\"https:\/\/univok.cz\/gasgas\/modelove-rady\/motokros\/\" class=\"CategoryList-item\" style=\"background-image: url(https:\/\/univok.cz\/gasgas\/wp-content\/uploads\/sites\/2\/2023\/06\/28424_Motocross-_-MC-350F-_-2023-_-Studio-1.png)\">\n            <span>\n              <h2 class=\"Headline\">Motokros<\/h2>\n              <p style=\"width: 50%\">\n                Rychl\u00e9, p\u0159esn\u00e9, lehk\u00e9\n              <\/p>\n            <\/span>\n            <span class=\"CategoryList-link\">\n              <strong>Modely&nbsp;<svg width=\"9\" height=\"12\" viewBox=\"0 0 9 12\" fill=\"none\" xmlns=\"http:\/\/www.w3.org\/2000\/svg\">\n<path d=\"M2.71238 12L0 9.41234L3.57523 6L0 2.58831L2.71238 0L9 6L2.71238 12Z\" fill=\"#FE6501\"\/>\n<\/svg>\n<\/strong>\n            <\/span>\n          <\/a>\n                                                            <a href=\"https:\/\/univok.cz\/gasgas\/modelove-rady\/enduro\/\" class=\"CategoryList-item\" style=\"background-image: url(https:\/\/univok.cz\/gasgas\/wp-content\/uploads\/sites\/2\/2023\/06\/31362_Enduro-_-EC-350F-_-2023-_-Studio-1.png)\">\n            <span>\n              <h2 class=\"Headline\">Enduro<\/h2>\n              <p style=\"width: 50%\">\n                Siln\u00e9 a vyv\u00e1\u017een\u00e9 stroje, co jsou \u2028pro ka\u017edou legraci\n              <\/p>\n            <\/span>\n            <span class=\"CategoryList-link\">\n              <strong>Modely&nbsp;<svg width=\"9\" height=\"12\" viewBox=\"0 0 9 12\" fill=\"none\" xmlns=\"http:\/\/www.w3.org\/2000\/svg\">\n<path d=\"M2.71238 12L0 9.41234L3.57523 6L0 2.58831L2.71238 0L9 6L2.71238 12Z\" fill=\"#FE6501\"\/>\n<\/svg>\n<\/strong>\n            <\/span>\n          <\/a>\n                                              <\/div>\n  <\/section>\n<\/div>\n\n\n<div class=\"News\" id=\"\">\n  <section class=\"container\">\n    <div class=\"row\">\n      <div class=\"col\">\n        <p class=\"text-center font-alt text-uppercase\">\n          <strong>Co se u n\u00e1s d\u011bje<\/strong>\n        <\/p>\n        <h1 class=\"Headline Headline--main\">\n          Novinky\n          <span class=\"color-brand\">\n            z Univoku\n          <\/span>\n        <\/h1>\n      <\/div>\n    <\/div>\n    <div class=\"glide mt-5\">\n      <div class=\"glide__track overflow-visible\" data-glide-el=\"track\">\n        <ul class=\"glide__slides overflow-visible\">\n                      <li class=\"glide__slide d-flex justify-content-center align-items-center\">\n              <a href=\"https:\/\/univok.cz\/gasgas\/motorky-gas-gas-jsme-dodali-az-do-gruzie\/\" class=\"card border-0 rounded-0\">\n                <div class=\"card-body\">\n                  <div class=\"row\">\n                    <div class=\"col-12 col-lg-7\">\n                      <img decoding=\"async\" src=\"https:\/\/univok.cz\/gasgas\/wp-content\/uploads\/sites\/2\/2023\/06\/351182991_1985756188425106_4464096594831276046_n-1000x700-c-default.jpg\" style=\"width: 100%\">\n                    <\/div>\n                    <div class=\"col-12 col-lg-5 px-lg-5 d-flex flex-column justify-content-center\">\n                      <h2 class=\"Headline Headline--feature mt-4 mt-lg-0\">Motorky GAS GAS jsme dodali a\u017e do Gruzie<\/h2>\n                      <div class=\"Content\">\n                        Nav\u00e1zali jsme spolupr\u00e1ci s \u010desko-gruzinskou cestovn\u00ed kancel\u00e1\u0159\u00ed Georgia Trip, kter\u00e1 po\u0159\u00e1d\u00e1 enduro toury po gruzinsk\u00fdch hor\u00e1ch. Na leto\u0161n\u00ed sez\u00f3nu UNIVOK do Gruzie dodal 9 nov\u00fdch stroj\u016f GAS GAS ES 700.&hellip;\n                      <\/div>\n                      <span class=\"News-link\">\n                        \u010c\u00edst v\u00edce\n                        <svg width=\"16\" height=\"24\" viewBox=\"0 0 16 24\" fill=\"none\" xmlns=\"http:\/\/www.w3.org\/2000\/svg\">\n<path d=\"M0 0L8 11.9991L0 24H8L16 11.9991L8 0H0Z\" fill=\"#151011\"\/>\n<\/svg>\n\n                      <\/span>\n                    <\/div>\n                  <\/div>\n                <\/div>\n              <\/a>\n            <\/li>\n                  <\/ul>\n      <\/div>\n      <div data-glide-el=\"controls\" class=\"glide__controls\">\n        <button class=\"slider-arrow left\" data-glide-dir=\"<\"><svg width=\"16\" height=\"24\" viewBox=\"0 0 16 24\" fill=\"none\" xmlns=\"http:\/\/www.w3.org\/2000\/svg\">\n<path d=\"M16 0L8 11.9991L16 24H8L0 11.9991L8 0H16Z\" fill=\"#151011\"\/>\n<\/svg>\n<\/button>\n        <button class=\"slider-arrow right\" data-glide-dir=\"&gt;\"><svg width=\"16\" height=\"24\" viewBox=\"0 0 16 24\" fill=\"none\" xmlns=\"http:\/\/www.w3.org\/2000\/svg\">\n<path d=\"M0 0L8 11.9991L0 24H8L16 11.9991L8 0H0Z\" fill=\"#151011\"\/>\n<\/svg>\n<\/button>\n      <\/div>\n    <\/div>\n    <div class=\"row mt-5\">\n      <div class=\"col text-center\">\n        <a href=\"\/gasgas\/novinky\" class=\"Btn Btn--primaryOutline Btn--large\">V\u0161echny novinky<\/a>\n      <\/div>\n    <\/div>\n  <\/section>\n<\/div>\n\n\n<div class=\"AboutUs\" id=\"\">\n  <section class=\"container\">\n    <div class=\"AboutUs-container\">\n      <div class=\"AboutUs-slider\">\n        <div class=\"glide\" data-autoplay>\n          <div class=\"glide__track\" data-glide-el=\"track\">\n            <ul class=\"glide__slides\">\n                              <li class=\"glide__slide\">\n                  <img decoding=\"async\" src=\"https:\/\/univok.cz\/gasgas\/wp-content\/uploads\/sites\/2\/2023\/06\/AF1QipOaoXnArCjjpimp7hAKjrwZ4jgo4P_Oj1JYxWmNs1031-k-no-1200x650-c-default.jpeg\" class=\"w-100\">\n                <\/li>\n                              <li class=\"glide__slide\">\n                  <img decoding=\"async\" src=\"https:\/\/univok.cz\/gasgas\/wp-content\/uploads\/sites\/2\/2023\/06\/AF1QipMWVzeKRJd8U3Ed96YZ2gWOe_Urs7gu-6pZyyPGs1031-k-no-1200x650-c-default.jpeg\" class=\"w-100\">\n                <\/li>\n                              <li class=\"glide__slide\">\n                  <img decoding=\"async\" src=\"https:\/\/univok.cz\/gasgas\/wp-content\/uploads\/sites\/2\/2023\/06\/351137358_1958676791153958_7499772369673985317_n_2144506-1200x650-c-default.jpg\" class=\"w-100\">\n                <\/li>\n                          <\/ul>\n          <\/div>\n          <div class=\"glide__bullets\" data-glide-el=\"controls[nav]\">\n                          <button class=\"glide__bullet\" data-glide-dir=\"=0\"><\/button>\n                          <button class=\"glide__bullet\" data-glide-dir=\"=1\"><\/button>\n                          <button class=\"glide__bullet\" data-glide-dir=\"=2\"><\/button>\n                      <\/div>\n        <\/div>\n      <\/div>\n      <div class=\"AboutUs-content\">\n        <h3 class=\"Headline text-uppercase fs-5\">\n          &#8211; O N\u00e1s &#8211;\n        <\/h3>\n        <h2 class=\"Headline Headline--main text-start\">\n          Jsme\n          <span class=\"color-brand\">\n            Univok\n          <\/span>\n        <\/h2>\n        <p class=\"fs-5\">\n          <strong>U n\u00e1s najdete v\u0161e, co pot\u0159ebujete<\/strong>\n        <\/p>\n        <div class=\"Content mb-4\">\n          <p>Tady v Liberci pro v\u00e1s m\u00e1me motorky a elektrokola. Nov\u00e9, ale i star\u0161\u00ed. Zakoupit lze i vybaven\u00ed a oble\u010den\u00ed. Dora\u017ete, t\u0159eba jen na kafe, uk\u00e1\u017eeme v\u00e1m, co tu m\u00e1me.<\/p>\n        <\/div>\n        <a href=\"\/o-nas\" class=\"Btn Btn--primaryOutline Btn--medium\">\n          V\u00edce o n\u00e1s\n        <\/a>\n      <\/div>\n    <\/div>\n  <\/section>\n<\/div>\n\n\n  <div><\/div>\n<div class=\"InstaFeed\" id=\"\">\n  <section class=\"container\">\n    <div class=\"InstaFeed-wrapper\">\n      <div class=\"row\">\n        <div class=\"col\">\n          <h1 class=\"Headline Headline--main\">\n            Sledujte n\u00e1\u0161\n            <span class=\"color-brand\">\n              Instagram\n            <\/span>\n          <\/h1>\n        <\/div>\n      <\/div>\n\n      <div class=\"mt-5\">\n                <div\n            class=\"spotlight-instagram-feed\"\n            data-feed-var=\"f11faca3\"\n            data-analytics=\"0\"\n            data-instance=\"14\"\n        >\n        <\/div>\n        <input type=\"hidden\" id=\"sli__f__f11faca3\" data-json='{&quot;useCase&quot;:&quot;accounts&quot;,&quot;template&quot;:&quot;row&quot;,&quot;layout&quot;:&quot;grid&quot;,&quot;numColumns&quot;:{&quot;desktop&quot;:6,&quot;phone&quot;:3,&quot;tablet&quot;:5},&quot;highlightFreq&quot;:{&quot;desktop&quot;:7},&quot;sliderNumScrollPosts&quot;:{&quot;desktop&quot;:1},&quot;sliderInfinite&quot;:true,&quot;sliderLoop&quot;:false,&quot;sliderArrowPos&quot;:{&quot;desktop&quot;:&quot;inside&quot;},&quot;sliderArrowSize&quot;:{&quot;desktop&quot;:20},&quot;sliderArrowColor&quot;:{&quot;r&quot;:255,&quot;b&quot;:255,&quot;g&quot;:255,&quot;a&quot;:1},&quot;sliderArrowBgColor&quot;:{&quot;r&quot;:0,&quot;b&quot;:0,&quot;g&quot;:0,&quot;a&quot;:0.8},&quot;sliderAutoScroll&quot;:false,&quot;sliderAutoInterval&quot;:3,&quot;postOrder&quot;:&quot;date_desc&quot;,&quot;numPosts&quot;:{&quot;desktop&quot;:6,&quot;phone&quot;:3,&quot;tablet&quot;:5},&quot;linkBehavior&quot;:{&quot;desktop&quot;:&quot;lightbox&quot;},&quot;feedWidth&quot;:{&quot;desktop&quot;:0},&quot;feedHeight&quot;:{&quot;desktop&quot;:0},&quot;feedPadding&quot;:{&quot;desktop&quot;:0,&quot;tablet&quot;:0,&quot;phone&quot;:0},&quot;imgPadding&quot;:{&quot;desktop&quot;:0,&quot;tablet&quot;:0,&quot;phone&quot;:0},&quot;textSize&quot;:{&quot;desktop&quot;:0,&quot;tablet&quot;:0,&quot;phone&quot;:0},&quot;bgColor&quot;:{&quot;r&quot;:255,&quot;g&quot;:255,&quot;b&quot;:255,&quot;a&quot;:1},&quot;hoverInfo&quot;:[&quot;likes_comments&quot;,&quot;insta_link&quot;,&quot;date&quot;],&quot;textColorHover&quot;:{&quot;r&quot;:255,&quot;g&quot;:255,&quot;b&quot;:255,&quot;a&quot;:1},&quot;bgColorHover&quot;:{&quot;r&quot;:0,&quot;g&quot;:0,&quot;b&quot;:0,&quot;a&quot;:0.5},&quot;showHeader&quot;:{&quot;desktop&quot;:false},&quot;headerInfo&quot;:{&quot;desktop&quot;:[&quot;profile_pic&quot;,&quot;bio&quot;]},&quot;headerAccount&quot;:null,&quot;headerStyle&quot;:{&quot;desktop&quot;:&quot;normal&quot;,&quot;phone&quot;:&quot;centered&quot;},&quot;headerTextSize&quot;:{&quot;desktop&quot;:0},&quot;headerPhotoSize&quot;:{&quot;desktop&quot;:50},&quot;headerTextColor&quot;:{&quot;r&quot;:0,&quot;g&quot;:0,&quot;b&quot;:0,&quot;a&quot;:1},&quot;headerBgColor&quot;:{&quot;r&quot;:255,&quot;g&quot;:255,&quot;b&quot;:255,&quot;a&quot;:1},&quot;headerPadding&quot;:{&quot;desktop&quot;:0},&quot;customProfilePic&quot;:&quot;&quot;,&quot;customBioText&quot;:&quot;&quot;,&quot;includeStories&quot;:false,&quot;storiesInterval&quot;:5,&quot;showCaptions&quot;:{&quot;desktop&quot;:false,&quot;tablet&quot;:false},&quot;captionMaxLength&quot;:{&quot;desktop&quot;:0},&quot;captionRemoveDots&quot;:false,&quot;captionSize&quot;:{&quot;desktop&quot;:0},&quot;captionColor&quot;:{&quot;r&quot;:0,&quot;g&quot;:0,&quot;b&quot;:0,&quot;a&quot;:1},&quot;showLikes&quot;:{&quot;desktop&quot;:false,&quot;tablet&quot;:false},&quot;showComments&quot;:{&quot;desktop&quot;:false,&quot;tablet&quot;:false},&quot;lcIconSize&quot;:{&quot;desktop&quot;:14},&quot;likesIconColor&quot;:{&quot;r&quot;:0,&quot;g&quot;:0,&quot;b&quot;:0,&quot;a&quot;:1},&quot;commentsIconColor&quot;:{&quot;r&quot;:0,&quot;g&quot;:0,&quot;b&quot;:0,&quot;a&quot;:1},&quot;lightboxShowSidebar&quot;:false,&quot;lightboxCtaStyle&quot;:&quot;link&quot;,&quot;lightboxCtaDesign&quot;:{&quot;text&quot;:{&quot;color&quot;:{&quot;r&quot;:0,&quot;g&quot;:0,&quot;b&quot;:0,&quot;a&quot;:1},&quot;align&quot;:&quot;center&quot;},&quot;bgColor&quot;:{&quot;r&quot;:230,&quot;g&quot;:230,&quot;b&quot;:230,&quot;a&quot;:1},&quot;border&quot;:{&quot;radius&quot;:3}},&quot;numLightboxComments&quot;:50,&quot;showLoadMoreBtn&quot;:{&quot;desktop&quot;:false},&quot;loadMoreBtnDesign&quot;:{&quot;text&quot;:{&quot;color&quot;:{&quot;r&quot;:255,&quot;g&quot;:255,&quot;b&quot;:255,&quot;a&quot;:1},&quot;align&quot;:&quot;center&quot;},&quot;border&quot;:{&quot;radius&quot;:3},&quot;bgColor&quot;:{&quot;r&quot;:0,&quot;g&quot;:149,&quot;b&quot;:246,&quot;a&quot;:1},&quot;margin&quot;:{&quot;top&quot;:0,&quot;bottom&quot;:0,&quot;left&quot;:0,&quot;right&quot;:0}},&quot;loadMoreBtnText&quot;:&quot;Load more&quot;,&quot;loadMoreBtnScroll&quot;:true,&quot;autoload&quot;:false,&quot;showFollowBtn&quot;:{&quot;desktop&quot;:false,&quot;phone&quot;:false},&quot;followBtnText&quot;:&quot;Follow on Instagram&quot;,&quot;followBtnDesign&quot;:{&quot;text&quot;:{&quot;color&quot;:{&quot;r&quot;:255,&quot;g&quot;:255,&quot;b&quot;:255,&quot;a&quot;:1},&quot;align&quot;:&quot;center&quot;},&quot;border&quot;:{&quot;radius&quot;:3},&quot;bgColor&quot;:{&quot;r&quot;:0,&quot;g&quot;:149,&quot;b&quot;:246,&quot;a&quot;:1},&quot;margin&quot;:{&quot;top&quot;:0,&quot;bottom&quot;:0,&quot;left&quot;:0,&quot;right&quot;:0}},&quot;followBtnLocation&quot;:{&quot;desktop&quot;:&quot;header&quot;,&quot;phone&quot;:&quot;bottom&quot;},&quot;alignFooterButtons&quot;:{&quot;desktop&quot;:false},&quot;customCss&quot;:&quot;\\\/* Enter your custom CSS below *\\\/\\n\\n&quot;,&quot;accounts&quot;:[25],&quot;tagged&quot;:[],&quot;hashtags&quot;:[],&quot;mediaType&quot;:&quot;all&quot;,&quot;hashtagWhitelist&quot;:[],&quot;hashtagBlacklist&quot;:[],&quot;captionWhitelist&quot;:[],&quot;captionBlacklist&quot;:[],&quot;hashtagWhitelistSettings&quot;:true,&quot;hashtagBlacklistSettings&quot;:true,&quot;captionWhitelistSettings&quot;:true,&quot;captionBlacklistSettings&quot;:true,&quot;moderation&quot;:[],&quot;moderationMode&quot;:&quot;blacklist&quot;,&quot;promosVersion&quot;:2,&quot;promosEnabled&quot;:true,&quot;globalPromosEnabled&quot;:true,&quot;autoPromosEnabled&quot;:true,&quot;promoOverrides&quot;:[],&quot;feedPromo&quot;:{&quot;linkSource&quot;:{&quot;type&quot;:null},&quot;linkBehavior&quot;:{&quot;openNewTab&quot;:false,&quot;showPopupBox&quot;:false},&quot;linkText&quot;:&quot;&quot;},&quot;gaCampaignSource&quot;:&quot;&quot;,&quot;gaCampaignMedium&quot;:&quot;&quot;,&quot;gaCampaignName&quot;:&quot;&quot;}' \/>\n        <input type=\"hidden\" id=\"sli__a__f11faca3\" data-json='[{&quot;id&quot;:25,&quot;type&quot;:&quot;PERSONAL&quot;,&quot;userId&quot;:&quot;6062263250462938&quot;,&quot;username&quot;:&quot;krasnystroj&quot;,&quot;bio&quot;:&quot;&quot;,&quot;customBio&quot;:&quot;&quot;,&quot;profilePicUrl&quot;:&quot;&quot;,&quot;customProfilePicUrl&quot;:&quot;&quot;,&quot;mediaCount&quot;:&quot;10&quot;,&quot;followersCount&quot;:&quot;0&quot;,&quot;usages&quot;:[],&quot;creationDate&quot;:&quot;2023-04-27 15:41:04&quot;}]' \/>\n        <input type=\"hidden\" id=\"sli__m__f11faca3\" data-json='[]' \/>\n        \n      <\/div>\n    <\/div>\n  <\/section>\n<\/div>\n","protected":false},"excerpt":{"rendered":"","protected":false},"author":1,"featured_media":0,"parent":0,"menu_order":0,"comment_status":"closed","ping_status":"closed","template":"","meta":{"footnotes":""},"class_list":["post-14","page","type-page","status-publish","hentry"],"_links":{"self":[{"href":"https:\/\/univok.cz\/gasgas\/wp-json\/wp\/v2\/pages\/14","targetHints":{"allow":["GET"]}}],"collection":[{"href":"https:\/\/univok.cz\/gasgas\/wp-json\/wp\/v2\/pages"}],"about":[{"href":"https:\/\/univok.cz\/gasgas\/wp-json\/wp\/v2\/types\/page"}],"author":[{"embeddable":true,"href":"https:\/\/univok.cz\/gasgas\/wp-json\/wp\/v2\/users\/1"}],"replies":[{"embeddable":true,"href":"https:\/\/univok.cz\/gasgas\/wp-json\/wp\/v2\/comments?post=14"}],"version-history":[{"count":14,"href":"https:\/\/univok.cz\/gasgas\/wp-json\/wp\/v2\/pages\/14\/revisions"}],"predecessor-version":[{"id":2484,"href":"https:\/\/univok.cz\/gasgas\/wp-json\/wp\/v2\/pages\/14\/revisions\/2484"}],"wp:attachment":[{"href":"https:\/\/univok.cz\/gasgas\/wp-json\/wp\/v2\/media?parent=14"}],"curies":[{"name":"wp","href":"https:\/\/api.w.org\/{rel}","templated":true}]}}