{"id":5,"date":"2023-03-24T13:07:29","date_gmt":"2023-03-24T12:07:29","guid":{"rendered":"https:\/\/univok.cz\/fantic\/?page_id=5"},"modified":"2023-06-23T15:23:51","modified_gmt":"2023-06-23T13:23:51","slug":"to-nejlepsi-z-elektrocyklistiky","status":"publish","type":"page","link":"https:\/\/univok.cz\/fantic\/","title":{"rendered":"TO NEJLEP\u0160\u00cd Z&nbsp;ELEKTROCYKLISTIKY"},"content":{"rendered":"\n\n\n<section id=\"\" class=\"MainHeader  \" style=\"background-image: url(https:\/\/univok.cz\/fantic\/wp-content\/uploads\/sites\/3\/2023\/06\/94d1682eacf34821ae9cdb373975f66d.jpg)\">\n  <div class=\"MainHeader-overlay\"><\/div>\n  <div class=\"MainHeader-container container\">\n          <div class=\"MainHeader-brand\">\n                <svg width=\"140\" height=\"21\" viewBox=\"0 0 140 21\" fill=\"none\" xmlns=\"http:\/\/www.w3.org\/2000\/svg\">\n<path fill-rule=\"evenodd\" clip-rule=\"evenodd\" d=\"M136.436 20.1141L139.461 15.9545H125.512L129.747 10.1269H136.72L139.752 5.96722H126.598C126.165 5.97342 125.735 6.05876 125.331 6.21856C124.985 6.32252 124.673 6.52111 124.428 6.79263L115.352 19.2717C115.311 19.3197 115.281 19.3756 115.263 19.4361C115.217 19.6301 115.314 19.8302 115.493 19.9109C115.741 20.0552 116.024 20.125 116.308 20.1095L136.436 20.1141ZM19.4598 20.1141L24.6247 13.005H35.2767L39.5801 7.09363H28.9311L29.744 5.97342H47.0061L51.3459 0H15.2491L0.625 20.1141H19.4582H19.4598ZM44.2299 20.1141H56.2373L66.5292 5.96101H50.1075L24.336 20.1141H35.6991L54.5673 10.1222L50.9402 15.1135H47.8631L44.2314 20.1141H44.2299ZM82.1668 5.96101L77.6234 12.2044L75.9656 5.96101H68.2296L57.9377 20.1141H65.6828L70.2171 13.8816L71.8901 20.125H79.6353L89.9271 5.97187L82.1683 5.96101H82.1668ZM95.8397 10.1207L88.5991 20.1141H96.3183L103.586 10.1222H110.822L113.854 5.96256H91.6351L88.6097 10.1222H95.8397V10.1207ZM113.018 20.1095L123.31 5.95635H115.569L105.278 20.1095H113.018Z\" fill=\"#E4032C\"\/>\n<\/svg>\n\n      <\/div>\n        <h1 class=\"MainHeader-headline \">\n      TO NEJLEP\u0160\u00cd Z&nbsp;ELEKTROCYKLISTIKY\n    <\/h1>\n                      <a href=\"#motocykly\" class=\"Btn Btn--primary Btn--large\">\n          V\u0161echny modely\n        <\/a>\n            <\/div>\n<\/section>\n\n\n<div class=\"CategoryList\" id=\"motocykly\">\n  <section class=\"container\">\n    <div class=\"row\">\n      <div class=\"col\">\n        <h1 class=\"Headline Headline--main\">\n          HI-END ELEKTROKOLA\n          <span class=\"color-brand\">\n            FANTIC\n          <\/span>\n        <\/h1>\n        <div class=\"text-center\" style=\"max-width: 800px; margin: 0 auto;\">\n          <p>Elektrokola italsk\u00e9 zna\u010dky Fantic jsou poh\u00e1n\u011bn\u00e1 inovacemi. Tento v\u00fdrobce se zam\u011b\u0159uje na nekompromisn\u00ed kvalitu a \u0161pi\u010dkov\u00e9 v\u00fdkony. D\u00edky tomu si u Fanticu v\u017edy vyb\u00edr\u00e1te z toho nejlep\u0161\u00edho, co dan\u00e1 kategorie nab\u00edz\u00ed.<\/p>\n\n        <\/div>\n      <\/div>\n    <\/div>\n    <div class=\"CategoryList-grid\">\n                                                                                <a href=\"https:\/\/univok.cz\/fantic\/modelove-rady\/e-mtb\/\" class=\"CategoryList-item\" style=\"background-image: url(https:\/\/univok.cz\/fantic\/wp-content\/uploads\/sites\/3\/2023\/06\/slide3-1-1.png)\">\n            <span>\n              <h2 class=\"Headline\">E-MTB<\/h2>\n              <p style=\"width: 50%\">\n                Kolo takov\u00e9, jak\u00e9 jste \u2028ho v\u017edycky cht\u011bli\n              <\/p>\n            <\/span>\n            <span class=\"CategoryList-link\">\n              <strong>Modely&nbsp;<svg width=\"9\" height=\"12\" viewBox=\"0 0 9 12\" fill=\"none\" xmlns=\"http:\/\/www.w3.org\/2000\/svg\">\n<path d=\"M2.71238 12L0 9.41234L3.57523 6L0 2.58831L2.71238 0L9 6L2.71238 12Z\" fill=\"#FE6501\"\/>\n<\/svg>\n<\/strong>\n            <\/span>\n          <\/a>\n                                <a href=\"https:\/\/univok.cz\/fantic\/modelove-rady\/e-urban\/\" class=\"CategoryList-item\" style=\"background-image: url(https:\/\/univok.cz\/fantic\/wp-content\/uploads\/sites\/3\/2023\/06\/product1-1.png)\">\n            <span>\n              <h2 class=\"Headline\">E-URBAN<\/h2>\n              <p style=\"width: 50%\">\n                Nejflexibiln\u011bj\u0161\u00ed v\u011bc ve m\u011bst\u011b\n              <\/p>\n            <\/span>\n            <span class=\"CategoryList-link\">\n              <strong>Modely&nbsp;<svg width=\"9\" height=\"12\" viewBox=\"0 0 9 12\" fill=\"none\" xmlns=\"http:\/\/www.w3.org\/2000\/svg\">\n<path d=\"M2.71238 12L0 9.41234L3.57523 6L0 2.58831L2.71238 0L9 6L2.71238 12Z\" fill=\"#FE6501\"\/>\n<\/svg>\n<\/strong>\n            <\/span>\n          <\/a>\n                                <a href=\"https:\/\/univok.cz\/fantic\/modelove-rady\/f-moser\/\" class=\"CategoryList-item\" style=\"background-image: url(https:\/\/univok.cz\/fantic\/wp-content\/uploads\/sites\/3\/2023\/06\/slide1-1.png)\">\n            <span>\n              <h2 class=\"Headline\">F-MOSER<\/h2>\n              <p style=\"width: 50%\">\n                Silni\u010dn\u00ed kola pro nov\u00e9 rekordy\n              <\/p>\n            <\/span>\n            <span class=\"CategoryList-link\">\n              <strong>Modely&nbsp;<svg width=\"9\" height=\"12\" viewBox=\"0 0 9 12\" fill=\"none\" xmlns=\"http:\/\/www.w3.org\/2000\/svg\">\n<path d=\"M2.71238 12L0 9.41234L3.57523 6L0 2.58831L2.71238 0L9 6L2.71238 12Z\" fill=\"#FE6501\"\/>\n<\/svg>\n<\/strong>\n            <\/span>\n          <\/a>\n                                                                                                                                                <\/div>\n  <\/section>\n<\/div>\n\n\n  <div><\/div>\n<div class=\"InstaFeed\" id=\"\">\n  <section class=\"container\">\n    <div class=\"InstaFeed-wrapper\">\n      <div class=\"row\">\n        <div class=\"col\">\n          <h1 class=\"Headline Headline--main\">\n            Sledujte n\u00e1\u0161\n            <span class=\"color-brand\">\n              Instagram\n            <\/span>\n          <\/h1>\n        <\/div>\n      <\/div>\n\n      <div class=\"mt-5\">\n                <div\n            class=\"spotlight-instagram-feed\"\n            data-feed-var=\"015438f2\"\n            data-analytics=\"0\"\n            data-instance=\"5\"\n        >\n        <\/div>\n        <input type=\"hidden\" id=\"sli__f__015438f2\" data-json='{&quot;useCase&quot;:&quot;accounts&quot;,&quot;template&quot;:&quot;row&quot;,&quot;layout&quot;:&quot;grid&quot;,&quot;numColumns&quot;:{&quot;desktop&quot;:6,&quot;phone&quot;:3,&quot;tablet&quot;:5},&quot;highlightFreq&quot;:{&quot;desktop&quot;:7},&quot;sliderNumScrollPosts&quot;:{&quot;desktop&quot;:1},&quot;sliderInfinite&quot;:true,&quot;sliderLoop&quot;:false,&quot;sliderArrowPos&quot;:{&quot;desktop&quot;:&quot;inside&quot;},&quot;sliderArrowSize&quot;:{&quot;desktop&quot;:20},&quot;sliderArrowColor&quot;:{&quot;r&quot;:255,&quot;b&quot;:255,&quot;g&quot;:255,&quot;a&quot;:1},&quot;sliderArrowBgColor&quot;:{&quot;r&quot;:0,&quot;b&quot;:0,&quot;g&quot;:0,&quot;a&quot;:0.8},&quot;sliderAutoScroll&quot;:false,&quot;sliderAutoInterval&quot;:3,&quot;postOrder&quot;:&quot;date_desc&quot;,&quot;numPosts&quot;:{&quot;desktop&quot;:6,&quot;phone&quot;:3,&quot;tablet&quot;:5},&quot;linkBehavior&quot;:{&quot;desktop&quot;:&quot;lightbox&quot;},&quot;feedWidth&quot;:{&quot;desktop&quot;:0},&quot;feedHeight&quot;:{&quot;desktop&quot;:0},&quot;feedPadding&quot;:{&quot;desktop&quot;:0,&quot;tablet&quot;:0,&quot;phone&quot;:0},&quot;imgPadding&quot;:{&quot;desktop&quot;:5,&quot;tablet&quot;:0,&quot;phone&quot;:0},&quot;textSize&quot;:{&quot;desktop&quot;:0,&quot;tablet&quot;:0,&quot;phone&quot;:0},&quot;bgColor&quot;:{&quot;r&quot;:255,&quot;g&quot;:255,&quot;b&quot;:255,&quot;a&quot;:1},&quot;hoverInfo&quot;:[&quot;likes_comments&quot;,&quot;insta_link&quot;,&quot;date&quot;],&quot;textColorHover&quot;:{&quot;r&quot;:255,&quot;g&quot;:255,&quot;b&quot;:255,&quot;a&quot;:1},&quot;bgColorHover&quot;:{&quot;r&quot;:0,&quot;g&quot;:0,&quot;b&quot;:0,&quot;a&quot;:0.5},&quot;showHeader&quot;:{&quot;desktop&quot;:false},&quot;headerInfo&quot;:{&quot;desktop&quot;:[&quot;profile_pic&quot;,&quot;bio&quot;]},&quot;headerAccount&quot;:null,&quot;headerStyle&quot;:{&quot;desktop&quot;:&quot;normal&quot;,&quot;phone&quot;:&quot;centered&quot;},&quot;headerTextSize&quot;:{&quot;desktop&quot;:0},&quot;headerPhotoSize&quot;:{&quot;desktop&quot;:50},&quot;headerTextColor&quot;:{&quot;r&quot;:0,&quot;g&quot;:0,&quot;b&quot;:0,&quot;a&quot;:1},&quot;headerBgColor&quot;:{&quot;r&quot;:255,&quot;g&quot;:255,&quot;b&quot;:255,&quot;a&quot;:1},&quot;headerPadding&quot;:{&quot;desktop&quot;:0},&quot;customProfilePic&quot;:&quot;&quot;,&quot;customBioText&quot;:&quot;&quot;,&quot;includeStories&quot;:false,&quot;storiesInterval&quot;:5,&quot;showCaptions&quot;:{&quot;desktop&quot;:false,&quot;tablet&quot;:false},&quot;captionMaxLength&quot;:{&quot;desktop&quot;:0},&quot;captionRemoveDots&quot;:false,&quot;captionSize&quot;:{&quot;desktop&quot;:0},&quot;captionColor&quot;:{&quot;r&quot;:0,&quot;g&quot;:0,&quot;b&quot;:0,&quot;a&quot;:1},&quot;showLikes&quot;:{&quot;desktop&quot;:false,&quot;tablet&quot;:false},&quot;showComments&quot;:{&quot;desktop&quot;:false,&quot;tablet&quot;:false},&quot;lcIconSize&quot;:{&quot;desktop&quot;:14},&quot;likesIconColor&quot;:{&quot;r&quot;:0,&quot;g&quot;:0,&quot;b&quot;:0,&quot;a&quot;:1},&quot;commentsIconColor&quot;:{&quot;r&quot;:0,&quot;g&quot;:0,&quot;b&quot;:0,&quot;a&quot;:1},&quot;lightboxShowSidebar&quot;:false,&quot;lightboxCtaStyle&quot;:&quot;link&quot;,&quot;lightboxCtaDesign&quot;:{&quot;text&quot;:{&quot;color&quot;:{&quot;r&quot;:0,&quot;g&quot;:0,&quot;b&quot;:0,&quot;a&quot;:1},&quot;align&quot;:&quot;center&quot;},&quot;bgColor&quot;:{&quot;r&quot;:230,&quot;g&quot;:230,&quot;b&quot;:230,&quot;a&quot;:1},&quot;border&quot;:{&quot;radius&quot;:3}},&quot;numLightboxComments&quot;:50,&quot;showLoadMoreBtn&quot;:{&quot;desktop&quot;:false},&quot;loadMoreBtnDesign&quot;:{&quot;text&quot;:{&quot;color&quot;:{&quot;r&quot;:255,&quot;g&quot;:255,&quot;b&quot;:255,&quot;a&quot;:1},&quot;align&quot;:&quot;center&quot;},&quot;border&quot;:{&quot;radius&quot;:3},&quot;bgColor&quot;:{&quot;r&quot;:0,&quot;g&quot;:149,&quot;b&quot;:246,&quot;a&quot;:1},&quot;margin&quot;:{&quot;top&quot;:0,&quot;bottom&quot;:0,&quot;left&quot;:0,&quot;right&quot;:0}},&quot;loadMoreBtnText&quot;:&quot;Load more&quot;,&quot;loadMoreBtnScroll&quot;:true,&quot;autoload&quot;:false,&quot;showFollowBtn&quot;:{&quot;desktop&quot;:false,&quot;phone&quot;:false},&quot;followBtnText&quot;:&quot;Follow on Instagram&quot;,&quot;followBtnDesign&quot;:{&quot;text&quot;:{&quot;color&quot;:{&quot;r&quot;:255,&quot;g&quot;:255,&quot;b&quot;:255,&quot;a&quot;:1},&quot;align&quot;:&quot;center&quot;},&quot;border&quot;:{&quot;radius&quot;:3},&quot;bgColor&quot;:{&quot;r&quot;:0,&quot;g&quot;:149,&quot;b&quot;:246,&quot;a&quot;:1},&quot;margin&quot;:{&quot;top&quot;:0,&quot;bottom&quot;:0,&quot;left&quot;:0,&quot;right&quot;:0}},&quot;followBtnLocation&quot;:{&quot;desktop&quot;:&quot;header&quot;,&quot;phone&quot;:&quot;bottom&quot;},&quot;alignFooterButtons&quot;:{&quot;desktop&quot;:false},&quot;customCss&quot;:&quot;\\\/* Enter your custom CSS below *\\\/\\n\\n&quot;,&quot;accounts&quot;:[570],&quot;tagged&quot;:[],&quot;hashtags&quot;:[],&quot;mediaType&quot;:&quot;all&quot;,&quot;hashtagWhitelist&quot;:[],&quot;hashtagBlacklist&quot;:[],&quot;captionWhitelist&quot;:[],&quot;captionBlacklist&quot;:[],&quot;hashtagWhitelistSettings&quot;:true,&quot;hashtagBlacklistSettings&quot;:true,&quot;captionWhitelistSettings&quot;:true,&quot;captionBlacklistSettings&quot;:true,&quot;moderation&quot;:[],&quot;moderationMode&quot;:&quot;blacklist&quot;,&quot;promosVersion&quot;:2,&quot;promosEnabled&quot;:true,&quot;globalPromosEnabled&quot;:true,&quot;autoPromosEnabled&quot;:true,&quot;promoOverrides&quot;:[],&quot;feedPromo&quot;:{&quot;linkSource&quot;:{&quot;type&quot;:null},&quot;linkBehavior&quot;:{&quot;openNewTab&quot;:false,&quot;showPopupBox&quot;:false},&quot;linkText&quot;:&quot;&quot;},&quot;gaCampaignSource&quot;:&quot;&quot;,&quot;gaCampaignMedium&quot;:&quot;&quot;,&quot;gaCampaignName&quot;:&quot;&quot;}' \/>\n        <input type=\"hidden\" id=\"sli__a__015438f2\" data-json='[{&quot;id&quot;:570,&quot;type&quot;:&quot;PERSONAL&quot;,&quot;userId&quot;:&quot;6062263250462938&quot;,&quot;username&quot;:&quot;krasnystroj&quot;,&quot;bio&quot;:&quot;&quot;,&quot;customBio&quot;:&quot;&quot;,&quot;profilePicUrl&quot;:&quot;&quot;,&quot;customProfilePicUrl&quot;:&quot;&quot;,&quot;mediaCount&quot;:&quot;10&quot;,&quot;followersCount&quot;:&quot;0&quot;,&quot;usages&quot;:[],&quot;creationDate&quot;:&quot;2023-06-23 12:59:27&quot;}]' \/>\n        <input type=\"hidden\" id=\"sli__m__015438f2\" data-json='[]' \/>\n        \n      <\/div>\n    <\/div>\n  <\/section>\n<\/div>\n","protected":false},"excerpt":{"rendered":"","protected":false},"author":1,"featured_media":0,"parent":0,"menu_order":0,"comment_status":"closed","ping_status":"closed","template":"","meta":{"footnotes":""},"class_list":["post-5","page","type-page","status-publish","hentry"],"_links":{"self":[{"href":"https:\/\/univok.cz\/fantic\/wp-json\/wp\/v2\/pages\/5"}],"collection":[{"href":"https:\/\/univok.cz\/fantic\/wp-json\/wp\/v2\/pages"}],"about":[{"href":"https:\/\/univok.cz\/fantic\/wp-json\/wp\/v2\/types\/page"}],"author":[{"embeddable":true,"href":"https:\/\/univok.cz\/fantic\/wp-json\/wp\/v2\/users\/1"}],"replies":[{"embeddable":true,"href":"https:\/\/univok.cz\/fantic\/wp-json\/wp\/v2\/comments?post=5"}],"version-history":[{"count":17,"href":"https:\/\/univok.cz\/fantic\/wp-json\/wp\/v2\/pages\/5\/revisions"}],"predecessor-version":[{"id":584,"href":"https:\/\/univok.cz\/fantic\/wp-json\/wp\/v2\/pages\/5\/revisions\/584"}],"wp:attachment":[{"href":"https:\/\/univok.cz\/fantic\/wp-json\/wp\/v2\/media?parent=5"}],"curies":[{"name":"wp","href":"https:\/\/api.w.org\/{rel}","templated":true}]}}